{"id":162,"date":"2025-04-25T21:57:24","date_gmt":"2025-04-25T21:57:24","guid":{"rendered":"https:\/\/yuaraalves.com.br\/?post_type=product&#038;p=162"},"modified":"2025-04-26T01:33:29","modified_gmt":"2025-04-26T01:33:29","slug":"kit-de-conteudo-intencional","status":"publish","type":"product","link":"https:\/\/yuaraalves.com.br\/?product=kit-de-conteudo-intencional","title":{"rendered":"Kit de conte\u00fado intenc\u00edonal"},"content":{"rendered":"<p>Voc\u00ea sabe que precisa postar, mas n\u00e3o sabe por onde come\u00e7ar. E talvez j\u00e1 tenha tentado v\u00e1rios formatos, salvado dicas, feito cursos&#8230; mas na hora de criar conte\u00fado, tudo trava.<\/p>\n<p>O problema n\u00e3o \u00e9 a falta de vontade, \u00e9 a falta de direcionamento certo.<\/p>\n<p>O Kit de Conte\u00fado Intencional foi criado para destravar esse processo e te ajudar a estruturar seus conte\u00fados com estrat\u00e9gia desde o primeiro post.<\/p>\n<p>Voc\u00ea n\u00e3o vai mais precisar perder tempo tentando adivinhar o que postar.<\/p>\n<p>Aqui dentro, voc\u00ea recebe:<\/p>\n<p>Um guia estrat\u00e9gico com linha editorial personalizada<\/p>\n<p>Um calend\u00e1rio de conte\u00fado semanal para facilitar seu planejamento<\/p>\n<p>Exemplos de posts para Feed, Reels e Stories<\/p>\n<p>E mais: 4 destaques prontos para valorizar seu perfil e sua autoridade<\/p>\n<p>Tudo isso em um PDF pr\u00e1tico, direto ao ponto e aplic\u00e1vel mesmo que voc\u00ea n\u00e3o seja expert em marketing.<\/p>\n<p>Esse \u00e9 o seu ponto de partida para criar com mais clareza, inten\u00e7\u00e3o e posicionamento.<\/p>\n","protected":false},"excerpt":{"rendered":"<p>Voc\u00ea sabe que precisa postar, mas n\u00e3o sabe por onde come\u00e7ar. E talvez j\u00e1 tenha tentado v\u00e1rios formatos, salvado dicas, feito cursos&#8230; mas na hora de criar conte\u00fado, tudo trava.<\/p>\n<p>O problema n\u00e3o \u00e9 a falta de vontade, \u00e9 a falta de direcionamento certo.<\/p>\n<p>O Kit de Conte\u00fado Intencional foi criado para destravar esse processo e te ajudar a estruturar seus conte\u00fados com estrat\u00e9gia desde o primeiro post.<\/p>\n<p>Voc\u00ea n\u00e3o vai mais precisar perder tempo tentando adivinhar o que postar.<\/p>\n<p>&nbsp;<\/p>\n","protected":false},"featured_media":163,"comment_status":"open","ping_status":"closed","template":"","meta":{"site-sidebar-layout":"default","site-content-layout":"","ast-site-content-layout":"default","site-content-style":"default","site-sidebar-style":"default","ast-global-header-display":"","ast-banner-title-visibility":"","ast-main-header-display":"","ast-hfb-above-header-display":"","ast-hfb-below-header-display":"","ast-hfb-mobile-header-display":"","site-post-title":"","ast-breadcrumbs-content":"","ast-featured-img":"","footer-sml-layout":"","theme-transparent-header-meta":"default","adv-header-id-meta":"","stick-header-meta":"","header-above-stick-meta":"","header-main-stick-meta":"","header-below-stick-meta":"","astra-migrate-meta-layouts":"set","ast-page-background-enabled":"default","ast-page-background-meta":{"desktop":{"background-color":"var(--ast-global-color-5)","background-image":"","background-repeat":"repeat","background-position":"center center","background-size":"auto","background-attachment":"scroll","background-type":"","background-media":"","overlay-type":"","overlay-color":"","overlay-opacity":"","overlay-gradient":""},"tablet":{"background-color":"","background-image":"","background-repeat":"repeat","background-position":"center center","background-size":"auto","background-attachment":"scroll","background-type":"","background-media":"","overlay-type":"","overlay-color":"","overlay-opacity":"","overlay-gradient":""},"mobile":{"background-color":"","background-image":"","background-repeat":"repeat","background-position":"center center","background-size":"auto","background-attachment":"scroll","background-type":"","background-media":"","overlay-type":"","overlay-color":"","overlay-opacity":"","overlay-gradient":""}},"ast-content-background-meta":{"desktop":{"background-color":"var(--ast-global-color-4)","background-image":"","background-repeat":"repeat","background-position":"center center","background-size":"auto","background-attachment":"scroll","background-type":"","background-media":"","overlay-type":"","overlay-color":"","overlay-opacity":"","overlay-gradient":""},"tablet":{"background-color":"var(--ast-global-color-4)","background-image":"","background-repeat":"repeat","background-position":"center center","background-size":"auto","background-attachment":"scroll","background-type":"","background-media":"","overlay-type":"","overlay-color":"","overlay-opacity":"","overlay-gradient":""},"mobile":{"background-color":"var(--ast-global-color-4)","background-image":"","background-repeat":"repeat","background-position":"center center","background-size":"auto","background-attachment":"scroll","background-type":"","background-media":"","overlay-type":"","overlay-color":"","overlay-opacity":"","overlay-gradient":""}}},"product_brand":[],"product_cat":[16],"product_tag":[],"class_list":{"0":"post-162","1":"product","2":"type-product","3":"status-publish","4":"has-post-thumbnail","6":"product_cat-sem-categoria","7":"desktop-align-left","8":"tablet-align-left","9":"mobile-align-left","11":"first","12":"instock","13":"sale","14":"featured","15":"downloadable","16":"shipping-taxable","17":"purchasable","18":"product-type-simple"},"_links":{"self":[{"href":"https:\/\/yuaraalves.com.br\/index.php?rest_route=\/wp\/v2\/product\/162","targetHints":{"allow":["GET"]}}],"collection":[{"href":"https:\/\/yuaraalves.com.br\/index.php?rest_route=\/wp\/v2\/product"}],"about":[{"href":"https:\/\/yuaraalves.com.br\/index.php?rest_route=\/wp\/v2\/types\/product"}],"replies":[{"embeddable":true,"href":"https:\/\/yuaraalves.com.br\/index.php?rest_route=%2Fwp%2Fv2%2Fcomments&post=162"}],"wp:featuredmedia":[{"embeddable":true,"href":"https:\/\/yuaraalves.com.br\/index.php?rest_route=\/wp\/v2\/media\/163"}],"wp:attachment":[{"href":"https:\/\/yuaraalves.com.br\/index.php?rest_route=%2Fwp%2Fv2%2Fmedia&parent=162"}],"wp:term":[{"taxonomy":"product_brand","embeddable":true,"href":"https:\/\/yuaraalves.com.br\/index.php?rest_route=%2Fwp%2Fv2%2Fproduct_brand&post=162"},{"taxonomy":"product_cat","embeddable":true,"href":"https:\/\/yuaraalves.com.br\/index.php?rest_route=%2Fwp%2Fv2%2Fproduct_cat&post=162"},{"taxonomy":"product_tag","embeddable":true,"href":"https:\/\/yuaraalves.com.br\/index.php?rest_route=%2Fwp%2Fv2%2Fproduct_tag&post=162"}],"curies":[{"name":"wp","href":"https:\/\/api.w.org\/{rel}","templated":true}]}}