{"id":102,"date":"2025-04-25T23:03:17","date_gmt":"2025-04-25T23:03:17","guid":{"rendered":"https:\/\/yuaraalves.com.br\/?page_id=102"},"modified":"2025-04-25T23:03:17","modified_gmt":"2025-04-25T23:03:17","slug":"reembolso_devolucoes","status":"publish","type":"page","link":"https:\/\/yuaraalves.com.br\/?page_id=102","title":{"rendered":"Pol\u00edtica de reembolso e devolu\u00e7\u00f5es"},"content":{"rendered":"\n<p>Pol\u00edtica de Devolu\u00e7\u00e3o<br>O Kit de Conte\u00fado Intencional \u00e9 um produto digital de entrega via e-mail.<br>Ap\u00f3s a confirma\u00e7\u00e3o do pagamento, o material \u00e9 enviado em at\u00e9 24h \u00fateis, o que caracteriza a presta\u00e7\u00e3o do servi\u00e7o.<\/p>\n\n\n\n<p>Por isso, n\u00e3o realizamos reembolsos ou cancelamentos ap\u00f3s a finaliza\u00e7\u00e3o da compra.<\/p>\n\n\n\n<p>Refor\u00e7amos que todas as informa\u00e7\u00f5es sobre o conte\u00fado e a estrutura do Kit est\u00e3o detalhadas na p\u00e1gina de vendas, garantindo transpar\u00eancia no momento da compra.<\/p>\n\n\n\n<p>Se restar qualquer d\u00favida, entre em contato antes de efetuar o pagamento. Nossa equipe est\u00e1 dispon\u00edvel para garantir que voc\u00ea tenha total seguran\u00e7a na sua decis\u00e3o.<\/p>\n\n\n\n<p><\/p>\n","protected":false},"excerpt":{"rendered":"<p>Pol\u00edtica de Devolu\u00e7\u00e3oO Kit de Conte\u00fado Intencional \u00e9 um produto digital de entrega via e-mail.Ap\u00f3s a confirma\u00e7\u00e3o do pagamento, o [&hellip;]<\/p>\n","protected":false},"author":1,"featured_media":0,"parent":0,"menu_order":0,"comment_status":"closed","ping_status":"closed","template":"","meta":{"site-sidebar-layout":"default","site-content-layout":"","ast-site-content-layout":"","site-content-style":"default","site-sidebar-style":"default","ast-global-header-display":"","ast-banner-title-visibility":"","ast-main-header-display":"","ast-hfb-above-header-display":"","ast-hfb-below-header-display":"","ast-hfb-mobile-header-display":"","site-post-title":"","ast-breadcrumbs-content":"","ast-featured-img":"","footer-sml-layout":"","theme-transparent-header-meta":"","adv-header-id-meta":"","stick-header-meta":"","header-above-stick-meta":"","header-main-stick-meta":"","header-below-stick-meta":"","astra-migrate-meta-layouts":"default","ast-page-background-enabled":"default","ast-page-background-meta":{"desktop":{"background-color":"var(--ast-global-color-5)","background-image":"","background-repeat":"repeat","background-position":"center center","background-size":"auto","background-attachment":"scroll","background-type":"","background-media":"","overlay-type":"","overlay-color":"","overlay-opacity":"","overlay-gradient":""},"tablet":{"background-color":"","background-image":"","background-repeat":"repeat","background-position":"center center","background-size":"auto","background-attachment":"scroll","background-type":"","background-media":"","overlay-type":"","overlay-color":"","overlay-opacity":"","overlay-gradient":""},"mobile":{"background-color":"","background-image":"","background-repeat":"repeat","background-position":"center center","background-size":"auto","background-attachment":"scroll","background-type":"","background-media":"","overlay-type":"","overlay-color":"","overlay-opacity":"","overlay-gradient":""}},"ast-content-background-meta":{"desktop":{"background-color":"var(--ast-global-color-4)","background-image":"","background-repeat":"repeat","background-position":"center center","background-size":"auto","background-attachment":"scroll","background-type":"","background-media":"","overlay-type":"","overlay-color":"","overlay-opacity":"","overlay-gradient":""},"tablet":{"background-color":"var(--ast-global-color-4)","background-image":"","background-repeat":"repeat","background-position":"center center","background-size":"auto","background-attachment":"scroll","background-type":"","background-media":"","overlay-type":"","overlay-color":"","overlay-opacity":"","overlay-gradient":""},"mobile":{"background-color":"var(--ast-global-color-4)","background-image":"","background-repeat":"repeat","background-position":"center center","background-size":"auto","background-attachment":"scroll","background-type":"","background-media":"","overlay-type":"","overlay-color":"","overlay-opacity":"","overlay-gradient":""}},"footnotes":""},"class_list":["post-102","page","type-page","status-publish","hentry"],"_links":{"self":[{"href":"https:\/\/yuaraalves.com.br\/index.php?rest_route=\/wp\/v2\/pages\/102","targetHints":{"allow":["GET"]}}],"collection":[{"href":"https:\/\/yuaraalves.com.br\/index.php?rest_route=\/wp\/v2\/pages"}],"about":[{"href":"https:\/\/yuaraalves.com.br\/index.php?rest_route=\/wp\/v2\/types\/page"}],"author":[{"embeddable":true,"href":"https:\/\/yuaraalves.com.br\/index.php?rest_route=\/wp\/v2\/users\/1"}],"replies":[{"embeddable":true,"href":"https:\/\/yuaraalves.com.br\/index.php?rest_route=%2Fwp%2Fv2%2Fcomments&post=102"}],"version-history":[{"count":2,"href":"https:\/\/yuaraalves.com.br\/index.php?rest_route=\/wp\/v2\/pages\/102\/revisions"}],"predecessor-version":[{"id":201,"href":"https:\/\/yuaraalves.com.br\/index.php?rest_route=\/wp\/v2\/pages\/102\/revisions\/201"}],"wp:attachment":[{"href":"https:\/\/yuaraalves.com.br\/index.php?rest_route=%2Fwp%2Fv2%2Fmedia&parent=102"}],"curies":[{"name":"wp","href":"https:\/\/api.w.org\/{rel}","templated":true}]}}